{"id":71,"date":"2015-05-01T12:48:53","date_gmt":"2015-05-01T10:48:53","guid":{"rendered":"http:\/\/www.jelena-stojkovic.com\/?page_id=71"},"modified":"2025-02-20T21:28:46","modified_gmt":"2025-02-20T20:28:46","slug":"videos","status":"publish","type":"page","link":"https:\/\/www.jelena-stojkovic.com\/index.php\/de\/videos\/","title":{"rendered":"Videos"},"content":{"rendered":"\n<p>Schubert\/Liszt: Gretchen am Spinnrade &#8211; Jelena Stojkovi\u0107 (Piano)<\/p>\n<p><iframe loading=\"lazy\" title=\"Schubert\/Liszt: Gretchen am Spinnrade, Jelena Stojkovic-Piano\" width=\"474\" height=\"267\" src=\"https:\/\/www.youtube.com\/embed\/VaItRfpuxvQ?feature=oembed\" frameborder=\"0\" allow=\"accelerometer; autoplay; clipboard-write; encrypted-media; gyroscope; picture-in-picture; web-share\" referrerpolicy=\"strict-origin-when-cross-origin\" allowfullscreen><\/iframe><\/p>\n<p>&nbsp;<\/p>\n<hr>\n<p>Rachmaninov: Prelude in h-moll, Op.32 Nr.10 &#8211; Jelena Stojkovi\u0107 (Piano)<\/p>\n<p><iframe loading=\"lazy\" title=\"Rachmaninov: Prelude in B-Minor, Op.32 No.10 - Jelena Stojkovic\" width=\"474\" height=\"267\" src=\"https:\/\/www.youtube.com\/embed\/0cKGsBH1faA?feature=oembed\" frameborder=\"0\" allow=\"accelerometer; autoplay; clipboard-write; encrypted-media; gyroscope; picture-in-picture; web-share\" referrerpolicy=\"strict-origin-when-cross-origin\" allowfullscreen><\/iframe><\/p>\n<p>&nbsp;<\/p>\n<hr>\n<p>Memories of Prizren &#8211; Jelena Stojkovi\u0107 (Piano)<\/p>\n<p><iframe loading=\"lazy\" title=\"Memories of Prizren  - Jelena Stojkovic (Piano)\" width=\"474\" height=\"267\" src=\"https:\/\/www.youtube.com\/embed\/HodGithmpnY?feature=oembed\" frameborder=\"0\" allow=\"accelerometer; autoplay; clipboard-write; encrypted-media; gyroscope; picture-in-picture; web-share\" referrerpolicy=\"strict-origin-when-cross-origin\" allowfullscreen><\/iframe><\/p>\n<p>&nbsp;<\/p>\n<hr>\n<p>Klavier im Schaufenster der Hoffnung &#8211; Dokumentarfilm \u00fcber den Lebensweg der Pianistin Jelena Stojkovi\u0107<\/p>\n<p><iframe loading=\"lazy\" title=\"Klavir u Izlogu Nade -  A Piano in a Shop window of Hope (English subtitles)\" width=\"474\" height=\"356\" src=\"https:\/\/www.youtube.com\/embed\/8hWijwTEkFE?feature=oembed\" frameborder=\"0\" allow=\"accelerometer; autoplay; clipboard-write; encrypted-media; gyroscope; picture-in-picture; web-share\" referrerpolicy=\"strict-origin-when-cross-origin\" allowfullscreen><\/iframe><\/p>\n<p>&nbsp;<\/p>\n<hr>\n<p>Dorothea Hofmann &#8222;Gusta mi magla padnala&#8220; gewidmet zu Jelena Stojkovi\u0107<\/p>\n<p><iframe loading=\"lazy\" title=\"Jelena Stojkovi\u0107 plays Dorothea Hofmann ,,Gusta mi magla padnala&quot;\" width=\"474\" height=\"267\" src=\"https:\/\/www.youtube.com\/embed\/cdrJleJSEVE?feature=oembed\" frameborder=\"0\" allow=\"accelerometer; autoplay; clipboard-write; encrypted-media; gyroscope; picture-in-picture; web-share\" referrerpolicy=\"strict-origin-when-cross-origin\" allowfullscreen><\/iframe><\/p>\n<p>&nbsp;<\/p>\n<hr>\n<p>Trio CONTRASTS &#8211; Astor Piazzolla &#8222;Libertango&#8220;<\/p>\n<p><iframe loading=\"lazy\" title=\"Trio CONTRASTS\" width=\"474\" height=\"267\" src=\"https:\/\/www.youtube.com\/embed\/JGnpOTkYAZk?feature=oembed\" frameborder=\"0\" allow=\"accelerometer; autoplay; clipboard-write; encrypted-media; gyroscope; picture-in-picture; web-share\" referrerpolicy=\"strict-origin-when-cross-origin\" allowfullscreen><\/iframe><\/p>\n<p>&nbsp;<\/p>\n<hr>\n<p>Sergej Rachmaninov, Etude tableaux op. 33 es-moll<\/p>\n<p><iframe loading=\"lazy\" title=\"S. Rachmaninov,  Etude op. 33 es-moll, Jelena Stojkovic\" width=\"474\" height=\"356\" src=\"https:\/\/www.youtube.com\/embed\/4nv06s5jn-A?feature=oembed\" frameborder=\"0\" allow=\"accelerometer; autoplay; clipboard-write; encrypted-media; gyroscope; picture-in-picture; web-share\" referrerpolicy=\"strict-origin-when-cross-origin\" allowfullscreen><\/iframe><\/p>\n<p>&nbsp;<\/p>\n<hr>\n<p>Jelena Stojkovic spielt Sheherazade von Rimsky-Korsakov (Klavierbearbeitung)<\/p>\n<p><iframe loading=\"lazy\" title=\"Jelena Stojkovic plays Sheherazade by Rimsky-Korsakov (piano transcription)\" width=\"474\" height=\"267\" src=\"https:\/\/www.youtube.com\/embed\/DSX6X2OE-_I?feature=oembed\" frameborder=\"0\" allow=\"accelerometer; autoplay; clipboard-write; encrypted-media; gyroscope; picture-in-picture; web-share\" referrerpolicy=\"strict-origin-when-cross-origin\" allowfullscreen><\/iframe><\/p>\n<p>&nbsp;<\/p>\n<hr>\n<p>Claude Debussy: Feux D&#8217;artifice, Jelena Stojkovi\u0107 (Piano)<\/p>\n<p><iframe loading=\"lazy\" title=\"Claude Debussy: Feux D&#039;artifice,  Jelena Stojkovic\u0301 Piano\" width=\"474\" height=\"267\" src=\"https:\/\/www.youtube.com\/embed\/J4oV-STOk1A?feature=oembed\" frameborder=\"0\" allow=\"accelerometer; autoplay; clipboard-write; encrypted-media; gyroscope; picture-in-picture; web-share\" referrerpolicy=\"strict-origin-when-cross-origin\" allowfullscreen><\/iframe><\/p>\n<p>&nbsp;<\/p>\n\n\n\n<p><\/p>\n","protected":false},"excerpt":{"rendered":"<p>Schubert\/Liszt: Gretchen am Spinnrade &#8211; Jelena Stojkovi\u0107 (Piano) &nbsp; Rachmaninov: Prelude in h-moll, Op.32 Nr.10 &#8211; Jelena Stojkovi\u0107 (Piano) &nbsp; Memories of Prizren &#8211; Jelena Stojkovi\u0107 (Piano) &nbsp; Klavier im Schaufenster der Hoffnung &#8211; Dokumentarfilm \u00fcber den Lebensweg der Pianistin Jelena Stojkovi\u0107 &nbsp; Dorothea Hofmann &#8222;Gusta mi magla padnala&#8220; gewidmet zu Jelena Stojkovi\u0107 &nbsp; Trio &hellip; <a href=\"https:\/\/www.jelena-stojkovic.com\/index.php\/de\/videos\/\" class=\"more-link\"><span class=\"screen-reader-text\">Videos<\/span> weiterlesen <span class=\"meta-nav\">&rarr;<\/span><\/a><\/p>\n","protected":false},"author":1,"featured_media":0,"parent":0,"menu_order":0,"comment_status":"closed","ping_status":"closed","template":"","meta":{"footnotes":""},"class_list":["post-71","page","type-page","status-publish","hentry"],"_links":{"self":[{"href":"https:\/\/www.jelena-stojkovic.com\/index.php\/wp-json\/wp\/v2\/pages\/71","targetHints":{"allow":["GET"]}}],"collection":[{"href":"https:\/\/www.jelena-stojkovic.com\/index.php\/wp-json\/wp\/v2\/pages"}],"about":[{"href":"https:\/\/www.jelena-stojkovic.com\/index.php\/wp-json\/wp\/v2\/types\/page"}],"author":[{"embeddable":true,"href":"https:\/\/www.jelena-stojkovic.com\/index.php\/wp-json\/wp\/v2\/users\/1"}],"replies":[{"embeddable":true,"href":"https:\/\/www.jelena-stojkovic.com\/index.php\/wp-json\/wp\/v2\/comments?post=71"}],"version-history":[{"count":33,"href":"https:\/\/www.jelena-stojkovic.com\/index.php\/wp-json\/wp\/v2\/pages\/71\/revisions"}],"predecessor-version":[{"id":1258,"href":"https:\/\/www.jelena-stojkovic.com\/index.php\/wp-json\/wp\/v2\/pages\/71\/revisions\/1258"}],"wp:attachment":[{"href":"https:\/\/www.jelena-stojkovic.com\/index.php\/wp-json\/wp\/v2\/media?parent=71"}],"curies":[{"name":"wp","href":"https:\/\/api.w.org\/{rel}","templated":true}]}}