{"id":65,"date":"2015-05-01T12:48:03","date_gmt":"2015-05-01T10:48:03","guid":{"rendered":"http:\/\/www.jelena-stojkovic.com\/?page_id=65"},"modified":"2017-05-11T14:40:49","modified_gmt":"2017-05-11T12:40:49","slug":"kammermusik","status":"publish","type":"page","link":"https:\/\/www.jelena-stojkovic.com\/index.php\/de\/kammermusik\/","title":{"rendered":"Kammermusik"},"content":{"rendered":"<p>Eines der sch\u00f6nsten Geschenke des Lebens ist es, etwas mit jemanden zu teilen.<\/p>\n<p>F\u00fcr einen Musiker bedeutet dies, zusammen zu musizieren, miteinander die Begeisterung f\u00fcr ein Werk und den Komponisten zu teilen, Ideen auszutauschen und sich gegenseitig zu unterst\u00fctzen.<br \/>\nSchon seit ihrer Kindheit musiziert Jelena Stojkovi\u0107 mit verschiedenen Instrumenten. Mit 14 Jahren gr\u00fcndete sie ein Klavierduo, mit dem sie u.a. den Bundeswettbewerb im damaligen Jugoslawien gewann.<br \/>\nAls Studentin nahm sie mehrere Male an <a href=\"http:\/\/www.colluvio.com\/\">Colluvio <\/a>(\u00d6sterreich) teil, ein Kammermusikprojekt f\u00fcr V\u00f6lkerverst\u00e4ndigung, aus dem sich anschlie\u00dfend eine internationale Tournee ergab.<br \/>\nAu\u00dferdem war sie mehrere Jahre Mitglied des Munich Percussion Ensemble, mit dem sie viele Auftritte in Deutschland und im Ausland hatte.<br \/>\nAktuell spielt Jelena Stojkovi\u0107 im Klaviertrio <a href=\"index.php?page_id=110\">Animando<\/a>, wie auch im Quartett <a href=\"index.php?page_id=115\">Quattro per Due<\/a>.<\/p>\n","protected":false},"excerpt":{"rendered":"<p>Eines der sch\u00f6nsten Geschenke des Lebens ist es, etwas mit jemanden zu teilen. F\u00fcr einen Musiker bedeutet dies, zusammen zu musizieren, miteinander die Begeisterung f\u00fcr ein Werk und den Komponisten zu teilen, Ideen auszutauschen und sich gegenseitig zu unterst\u00fctzen. Schon seit ihrer Kindheit musiziert Jelena Stojkovi\u0107 mit verschiedenen Instrumenten. Mit 14 Jahren gr\u00fcndete sie ein &hellip; <a href=\"https:\/\/www.jelena-stojkovic.com\/index.php\/de\/kammermusik\/\" class=\"more-link\"><span class=\"screen-reader-text\">Kammermusik<\/span> weiterlesen <span class=\"meta-nav\">&rarr;<\/span><\/a><\/p>\n","protected":false},"author":1,"featured_media":199,"parent":0,"menu_order":0,"comment_status":"closed","ping_status":"closed","template":"","meta":{"footnotes":""},"class_list":["post-65","page","type-page","status-publish","has-post-thumbnail","hentry"],"_links":{"self":[{"href":"https:\/\/www.jelena-stojkovic.com\/index.php\/wp-json\/wp\/v2\/pages\/65","targetHints":{"allow":["GET"]}}],"collection":[{"href":"https:\/\/www.jelena-stojkovic.com\/index.php\/wp-json\/wp\/v2\/pages"}],"about":[{"href":"https:\/\/www.jelena-stojkovic.com\/index.php\/wp-json\/wp\/v2\/types\/page"}],"author":[{"embeddable":true,"href":"https:\/\/www.jelena-stojkovic.com\/index.php\/wp-json\/wp\/v2\/users\/1"}],"replies":[{"embeddable":true,"href":"https:\/\/www.jelena-stojkovic.com\/index.php\/wp-json\/wp\/v2\/comments?post=65"}],"version-history":[{"count":8,"href":"https:\/\/www.jelena-stojkovic.com\/index.php\/wp-json\/wp\/v2\/pages\/65\/revisions"}],"predecessor-version":[{"id":320,"href":"https:\/\/www.jelena-stojkovic.com\/index.php\/wp-json\/wp\/v2\/pages\/65\/revisions\/320"}],"wp:featuredmedia":[{"embeddable":true,"href":"https:\/\/www.jelena-stojkovic.com\/index.php\/wp-json\/wp\/v2\/media\/199"}],"wp:attachment":[{"href":"https:\/\/www.jelena-stojkovic.com\/index.php\/wp-json\/wp\/v2\/media?parent=65"}],"curies":[{"name":"wp","href":"https:\/\/api.w.org\/{rel}","templated":true}]}}