{"id":503,"date":"2017-05-11T14:40:22","date_gmt":"2017-05-11T12:40:22","guid":{"rendered":"http:\/\/www.jelena-stojkovic.com\/?page_id=503"},"modified":"2018-10-07T22:08:47","modified_gmt":"2018-10-07T20:08:47","slug":"quattro-per-due-2","status":"publish","type":"page","link":"https:\/\/www.jelena-stojkovic.com\/index.php\/en\/quattro-per-due-2\/","title":{"rendered":"Quattro per Due"},"content":{"rendered":"<p>In September 2012, the two pianists Jelena Stojkovi\u0107 and Yudum \u00c7etiner and the two percussionists J\u00fcrgen Spitschka and Manuel Perez Delgado founded the ensemble Quattro per Due. The name literally means \u201etwo for four and four for two\u201c and, correspondingly, they are all for one: for music. All members originate from different European countries: from Germany, Serbia, Spain, and Turkey. They thus represent the crossover of different genres of music as well as the multicultural awakening of the young generation of musicians.<\/p>\n<p>Yudum \u00c7etiner and Jelena Stojkovi\u0107 met when they both studied piano at the Munich University of Music and Performing Arts, and often played music together. Through different musical projects, they got in touch with Professor J\u00fcrgen Spitschka, and the idea of creating an ensemble in which they could realize their shared vision of music was born, which led to the foundation of Quattro per Due. They found their last missing puzzle piece in Manuel P\u00e9rez Delgado, one of Professor J\u00fcrgen Spitschka&#8217;s former students.<br \/>\nThe next step was to create a suitable program that incorporated temporal as well as regional variations. This is why their performances feature works by composers from different countries: to demonstrate that music is international and knows no national boundaries. Apart from famous masterpieces, they focus on contemporary compositions. Particularly exciting is that they also perform pieces that they had the opportunity to rehearse with the composer. Some of the pieces were even written especially for this quartet, and were first performed by them.<\/p>\n<p>Despite having been established only four years ago, this quartet has already performed numerous times with great success, thanks to the musicians&#8216; level of skill and their extraordinary musical passion. Under the title \u201cNo Limits\u201d, which also represents one of their key concepts, the quartet performed in Stuttgart (\u201cArt in the Tower\u201d) as well as in Munich (Carl-Orff-Hall at the Gasteig), supported by the city&#8217;s Department of Arts and Culture as well as the Foreigner&#8217;s Council. Under the title \u201cEast-West Side Story\u201d, the quartet gave a guest performance at the auditorium of the \u201cCenter of Art and Music\u201d in Augsburg. Furthermore, they performed at a town hall concert in Vaterstetten as well as at the \u201cPercussion Night\u201d in Stuttgart. They have also already been on a concert tour to Serbia, where they gave one concert in Belgrade and one concert in the synagogue in Novi Sad.<br \/>\nGreat musical skills, focused interaction and exiting interpretations are the trademarks of this quartet \u2012 and the pieces they perform in concert are just as exciting as they are gripping.<\/p>\n<p>You can find further information below: Quattro Per Due<\/p>\n","protected":false},"excerpt":{"rendered":"<p>In September 2012, the two pianists Jelena Stojkovi\u0107 and Yudum \u00c7etiner and the two percussionists J\u00fcrgen Spitschka and Manuel Perez Delgado founded the ensemble Quattro per Due. The name literally means \u201etwo for four and four for two\u201c and, correspondingly, they are all for one: for music. All members originate from different European countries: from &hellip; <a href=\"https:\/\/www.jelena-stojkovic.com\/index.php\/en\/quattro-per-due-2\/\" class=\"more-link\"><span class=\"screen-reader-text\">Quattro per Due<\/span> weiterlesen <span class=\"meta-nav\">&rarr;<\/span><\/a><\/p>\n","protected":false},"author":1,"featured_media":201,"parent":0,"menu_order":0,"comment_status":"closed","ping_status":"closed","template":"","meta":{"footnotes":""},"class_list":["post-503","page","type-page","status-publish","has-post-thumbnail","hentry"],"_links":{"self":[{"href":"https:\/\/www.jelena-stojkovic.com\/index.php\/wp-json\/wp\/v2\/pages\/503","targetHints":{"allow":["GET"]}}],"collection":[{"href":"https:\/\/www.jelena-stojkovic.com\/index.php\/wp-json\/wp\/v2\/pages"}],"about":[{"href":"https:\/\/www.jelena-stojkovic.com\/index.php\/wp-json\/wp\/v2\/types\/page"}],"author":[{"embeddable":true,"href":"https:\/\/www.jelena-stojkovic.com\/index.php\/wp-json\/wp\/v2\/users\/1"}],"replies":[{"embeddable":true,"href":"https:\/\/www.jelena-stojkovic.com\/index.php\/wp-json\/wp\/v2\/comments?post=503"}],"version-history":[{"count":5,"href":"https:\/\/www.jelena-stojkovic.com\/index.php\/wp-json\/wp\/v2\/pages\/503\/revisions"}],"predecessor-version":[{"id":751,"href":"https:\/\/www.jelena-stojkovic.com\/index.php\/wp-json\/wp\/v2\/pages\/503\/revisions\/751"}],"wp:featuredmedia":[{"embeddable":true,"href":"https:\/\/www.jelena-stojkovic.com\/index.php\/wp-json\/wp\/v2\/media\/201"}],"wp:attachment":[{"href":"https:\/\/www.jelena-stojkovic.com\/index.php\/wp-json\/wp\/v2\/media?parent=503"}],"curies":[{"name":"wp","href":"https:\/\/api.w.org\/{rel}","templated":true}]}}