{"id":492,"date":"2017-05-11T14:35:08","date_gmt":"2017-05-11T12:35:08","guid":{"rendered":"http:\/\/www.jelena-stojkovic.com\/?page_id=492"},"modified":"2025-02-20T21:28:26","modified_gmt":"2025-02-20T20:28:26","slug":"videos-2","status":"publish","type":"page","link":"https:\/\/www.jelena-stojkovic.com\/index.php\/en\/videos-2\/","title":{"rendered":"Videos"},"content":{"rendered":"\n<p>Schubert\/Liszt: Gretchen at the Spinning Wheel &#8211; Jelena Stojkovi\u0107 (Piano)<\/p>\n<p><iframe loading=\"lazy\" title=\"Schubert\/Liszt: Gretchen am Spinnrade, Jelena Stojkovic-Piano\" width=\"474\" height=\"267\" src=\"https:\/\/www.youtube.com\/embed\/VaItRfpuxvQ?feature=oembed\" frameborder=\"0\" allow=\"accelerometer; autoplay; clipboard-write; encrypted-media; gyroscope; picture-in-picture; web-share\" referrerpolicy=\"strict-origin-when-cross-origin\" allowfullscreen><\/iframe><\/p>\n<p>&nbsp;<\/p>\n<hr>\n<p>Rachmaninov: Prelude in B-Minor, Op.32 No.10 &#8211; Jelena Stojkovi\u0107 (Piano)<\/p>\n<p><iframe loading=\"lazy\" title=\"Rachmaninov: Prelude in B-Minor, Op.32 No.10 - Jelena Stojkovic\" width=\"474\" height=\"267\" src=\"https:\/\/www.youtube.com\/embed\/0cKGsBH1faA?feature=oembed\" frameborder=\"0\" allow=\"accelerometer; autoplay; clipboard-write; encrypted-media; gyroscope; picture-in-picture; web-share\" referrerpolicy=\"strict-origin-when-cross-origin\" allowfullscreen><\/iframe><\/p>\n<p>&nbsp;<\/p>\n<p>Memories of Prizren &#8211; Jelena Stojkovi\u0107 (Piano)<\/p>\n<p><iframe loading=\"lazy\" title=\"Memories of Prizren  - Jelena Stojkovic (Piano)\" width=\"474\" height=\"267\" src=\"https:\/\/www.youtube.com\/embed\/HodGithmpnY?feature=oembed\" frameborder=\"0\" allow=\"accelerometer; autoplay; clipboard-write; encrypted-media; gyroscope; picture-in-picture; web-share\" referrerpolicy=\"strict-origin-when-cross-origin\" allowfullscreen><\/iframe><\/p>\n<p>&nbsp;<\/p>\n<hr>\n<p>A Piano in a Shop window of Hope (English subtitles) &#8211; A documentary film abour a thorny, but successful path and an esteemed international career of a pianist Jelena Stojkovi\u0107.<\/p>\n<p><iframe loading=\"lazy\" title=\"Klavir u Izlogu Nade -  A Piano in a Shop window of Hope (English subtitles)\" width=\"474\" height=\"356\" src=\"https:\/\/www.youtube.com\/embed\/8hWijwTEkFE?feature=oembed\" frameborder=\"0\" allow=\"accelerometer; autoplay; clipboard-write; encrypted-media; gyroscope; picture-in-picture; web-share\" referrerpolicy=\"strict-origin-when-cross-origin\" allowfullscreen><\/iframe><\/p>\n<p>&nbsp;<\/p>\n<hr>\n<p>Dorothea Hofmann &#8222;Gusta mi magla padnala&#8220; dedicated to Jelena Stojkovi\u0107<\/p>\n<p><iframe loading=\"lazy\" title=\"Jelena Stojkovi\u0107 plays Dorothea Hofmann ,,Gusta mi magla padnala&quot;\" width=\"474\" height=\"267\" src=\"https:\/\/www.youtube.com\/embed\/cdrJleJSEVE?feature=oembed\" frameborder=\"0\" allow=\"accelerometer; autoplay; clipboard-write; encrypted-media; gyroscope; picture-in-picture; web-share\" referrerpolicy=\"strict-origin-when-cross-origin\" allowfullscreen><\/iframe><\/p>\n<p>&nbsp;<\/p>\n<hr>\n<p>Trio CONTRASTS &#8211; Astor Piazzolla &#8222;Libertango&#8220;<\/p>\n<p><iframe loading=\"lazy\" title=\"Trio CONTRASTS\" width=\"474\" height=\"267\" src=\"https:\/\/www.youtube.com\/embed\/JGnpOTkYAZk?feature=oembed\" frameborder=\"0\" allow=\"accelerometer; autoplay; clipboard-write; encrypted-media; gyroscope; picture-in-picture; web-share\" referrerpolicy=\"strict-origin-when-cross-origin\" allowfullscreen><\/iframe><\/p>\n<p>&nbsp;<\/p>\n<hr>\n<p>Sergej Rachmaninov, Etude tableaux op. 33 es-moll<\/p>\n<p><iframe loading=\"lazy\" title=\"S. Rachmaninov,  Etude op. 33 es-moll, Jelena Stojkovic\" width=\"474\" height=\"356\" src=\"https:\/\/www.youtube.com\/embed\/4nv06s5jn-A?feature=oembed\" frameborder=\"0\" allow=\"accelerometer; autoplay; clipboard-write; encrypted-media; gyroscope; picture-in-picture; web-share\" referrerpolicy=\"strict-origin-when-cross-origin\" allowfullscreen><\/iframe><\/p>\n<p>&nbsp;<\/p>\n<hr>\n<p>Jelena Stojkovic plays Sheherazade by Rimsky-Korsakov (piano transcription)<\/p>\n<p><iframe loading=\"lazy\" title=\"Jelena Stojkovic plays Sheherazade by Rimsky-Korsakov (piano transcription)\" width=\"474\" height=\"267\" src=\"https:\/\/www.youtube.com\/embed\/DSX6X2OE-_I?feature=oembed\" frameborder=\"0\" allow=\"accelerometer; autoplay; clipboard-write; encrypted-media; gyroscope; picture-in-picture; web-share\" referrerpolicy=\"strict-origin-when-cross-origin\" allowfullscreen><\/iframe><\/p>\n<p>&nbsp;<\/p>\n<hr>\n<p>Claude Debussy: Feux D&#8217;artifice, Jelena Stojkovi\u0107 (Piano)<\/p>\n<p><iframe loading=\"lazy\" title=\"Claude Debussy: Feux D&#039;artifice,  Jelena Stojkovic\u0301 Piano\" width=\"474\" height=\"267\" src=\"https:\/\/www.youtube.com\/embed\/J4oV-STOk1A?feature=oembed\" frameborder=\"0\" allow=\"accelerometer; autoplay; clipboard-write; encrypted-media; gyroscope; picture-in-picture; web-share\" referrerpolicy=\"strict-origin-when-cross-origin\" allowfullscreen><\/iframe><\/p>\n<p>&nbsp;<\/p>\n\n\n\n<p><\/p>\n","protected":false},"excerpt":{"rendered":"<p>Schubert\/Liszt: Gretchen at the Spinning Wheel &#8211; Jelena Stojkovi\u0107 (Piano) &nbsp; Rachmaninov: Prelude in B-Minor, Op.32 No.10 &#8211; Jelena Stojkovi\u0107 (Piano) &nbsp; Memories of Prizren &#8211; Jelena Stojkovi\u0107 (Piano) &nbsp; A Piano in a Shop window of Hope (English subtitles) &#8211; A documentary film abour a thorny, but successful path and an esteemed international career &hellip; <a href=\"https:\/\/www.jelena-stojkovic.com\/index.php\/en\/videos-2\/\" class=\"more-link\"><span class=\"screen-reader-text\">Videos<\/span> weiterlesen <span class=\"meta-nav\">&rarr;<\/span><\/a><\/p>\n","protected":false},"author":1,"featured_media":0,"parent":0,"menu_order":0,"comment_status":"closed","ping_status":"closed","template":"","meta":{"footnotes":""},"class_list":["post-492","page","type-page","status-publish","hentry"],"_links":{"self":[{"href":"https:\/\/www.jelena-stojkovic.com\/index.php\/wp-json\/wp\/v2\/pages\/492","targetHints":{"allow":["GET"]}}],"collection":[{"href":"https:\/\/www.jelena-stojkovic.com\/index.php\/wp-json\/wp\/v2\/pages"}],"about":[{"href":"https:\/\/www.jelena-stojkovic.com\/index.php\/wp-json\/wp\/v2\/types\/page"}],"author":[{"embeddable":true,"href":"https:\/\/www.jelena-stojkovic.com\/index.php\/wp-json\/wp\/v2\/users\/1"}],"replies":[{"embeddable":true,"href":"https:\/\/www.jelena-stojkovic.com\/index.php\/wp-json\/wp\/v2\/comments?post=492"}],"version-history":[{"count":10,"href":"https:\/\/www.jelena-stojkovic.com\/index.php\/wp-json\/wp\/v2\/pages\/492\/revisions"}],"predecessor-version":[{"id":1257,"href":"https:\/\/www.jelena-stojkovic.com\/index.php\/wp-json\/wp\/v2\/pages\/492\/revisions\/1257"}],"wp:attachment":[{"href":"https:\/\/www.jelena-stojkovic.com\/index.php\/wp-json\/wp\/v2\/media?parent=492"}],"curies":[{"name":"wp","href":"https:\/\/api.w.org\/{rel}","templated":true}]}}