{"id":44,"date":"2015-05-01T12:08:48","date_gmt":"2015-05-01T10:08:48","guid":{"rendered":"http:\/\/www.jelena-stojkovic.com\/?page_id=44"},"modified":"2025-02-20T22:38:57","modified_gmt":"2025-02-20T21:38:57","slug":"home","status":"publish","type":"page","link":"https:\/\/www.jelena-stojkovic.com\/index.php\/de\/home\/","title":{"rendered":"Willkommen"},"content":{"rendered":"<h5><em>&#8222;Ihre Musikabenteuer untermauert Jelena Stojkovi\u0107 mit sehr hohen Anspr\u00fcchen gen\u00fcgender Klavierkunst.&#8220;<\/em><\/h5>\n<h5><em>(<\/em><small>Augsburger Allgemeine)<strong><br \/>\n<\/strong><\/small><\/h5>\n","protected":false},"excerpt":{"rendered":"<p>&#8222;Ihre Musikabenteuer untermauert Jelena Stojkovi\u0107 mit sehr hohen Anspr\u00fcchen gen\u00fcgender Klavierkunst.&#8220; (Augsburger Allgemeine)<\/p>\n","protected":false},"author":1,"featured_media":745,"parent":0,"menu_order":0,"comment_status":"closed","ping_status":"closed","template":"","meta":{"footnotes":""},"class_list":["post-44","page","type-page","status-publish","has-post-thumbnail","hentry"],"_links":{"self":[{"href":"https:\/\/www.jelena-stojkovic.com\/index.php\/wp-json\/wp\/v2\/pages\/44","targetHints":{"allow":["GET"]}}],"collection":[{"href":"https:\/\/www.jelena-stojkovic.com\/index.php\/wp-json\/wp\/v2\/pages"}],"about":[{"href":"https:\/\/www.jelena-stojkovic.com\/index.php\/wp-json\/wp\/v2\/types\/page"}],"author":[{"embeddable":true,"href":"https:\/\/www.jelena-stojkovic.com\/index.php\/wp-json\/wp\/v2\/users\/1"}],"replies":[{"embeddable":true,"href":"https:\/\/www.jelena-stojkovic.com\/index.php\/wp-json\/wp\/v2\/comments?post=44"}],"version-history":[{"count":8,"href":"https:\/\/www.jelena-stojkovic.com\/index.php\/wp-json\/wp\/v2\/pages\/44\/revisions"}],"predecessor-version":[{"id":1309,"href":"https:\/\/www.jelena-stojkovic.com\/index.php\/wp-json\/wp\/v2\/pages\/44\/revisions\/1309"}],"wp:featuredmedia":[{"embeddable":true,"href":"https:\/\/www.jelena-stojkovic.com\/index.php\/wp-json\/wp\/v2\/media\/745"}],"wp:attachment":[{"href":"https:\/\/www.jelena-stojkovic.com\/index.php\/wp-json\/wp\/v2\/media?parent=44"}],"curies":[{"name":"wp","href":"https:\/\/api.w.org\/{rel}","templated":true}]}}