{"id":115,"date":"2015-05-01T13:55:25","date_gmt":"2015-05-01T11:55:25","guid":{"rendered":"http:\/\/www.jelena-stojkovic.com\/?page_id=115"},"modified":"2018-10-07T22:08:18","modified_gmt":"2018-10-07T20:08:18","slug":"quattro-per-due","status":"publish","type":"page","link":"https:\/\/www.jelena-stojkovic.com\/index.php\/de\/quattro-per-due\/","title":{"rendered":"Quattro Per Due"},"content":{"rendered":"<p>Im September 2012 gr\u00fcndeten die zwei Pianistinnen Jelena Stojkovi\u0107 und Yudum Cetiner mit den beiden Schlagzeugern J\u00fcrgen Spitschka und Manuel Perez Delgado das Ensemble Quattro per Due. \u201eZwei f\u00fcr vier und vier f\u00fcr Zwei\u201c bedeutet der Name und entsprechend sind sie auch alle f\u00fcr einen bzw. eine, n\u00e4mlich f\u00fcr die Musik. Sie kommen aus verschiedenen europ\u00e4ischen L\u00e4ndern: aus Deutschland, Serbien, Spanien und der T\u00fcrkei. So stehen sie f\u00fcr Grenz\u00fcberschreitungen der musikalischen Genres und f\u00fcr den multikulturellen Aufbruch der jungen Musikergeneration.<br \/>\nNun galt es, sich ein Programm zu erarbeiten das zu ihnen passt. Es sollte zeitlich und r\u00e4umlich Verschiedenes beinhalten. Die Komponisten ihrer Werke stammen deshalb aus verschiedenen L\u00e4ndern. Damit zeigen sie in ihren Konzerten, dass Musik international ist und keine nationalen Grenzen kennt. Neben bekannten Werken ber\u00fchmter Meister legen sie ihren Schwerpunkt auf zeitgen\u00f6ssische Kompositionen. Besonders aufregend ist, dass sie auch Werke spielen, welche sie mit dem Komponisten selber einstudieren durften. Einige Werke wurden sogar extra f\u00fcr dieses Quartett komponiert und von ihm uraufgef\u00fchrt.<br \/>\nObwohl es dieses Quartett nun erst vier Jahre gibt, konnte es bei zahlreichen Auftritten schon gro\u00dfe Erfolge verbuchen, was nicht zuletzt mit dem hohen spielerischen Niveau und der gro\u00dfen musikalischen Leidenschaft der Musiker zu erkl\u00e4ren ist. So konzertierte das Quartett unter dem Titel, der auch einer seiner Grundpfeiler ist: \u201eGrenzenlos\u201c in Stuttgart (Kunst im Turm) und in M\u00fcnchen (Carl-Orff-Saal im Gasteig), wo es vom Kulturreferat und dem Ausl\u00e4nderbeirat der Stadt unterst\u00fctzt wurde. Unter dem Titel \u201eEast-West-Side Story\u201c gastierte es im Auditorium des \u201eZentrums f\u00fcr Kunst und Musik\u201c in Augsburg. Weiter traten sie bei einem Rathauskonzert in Vaterstetten und bei der \u201eSchlagzeugnacht\u201c in Stuttgart auf. Es gab aber auch schon eine Konzertreise nach Serbien. Hier spielten sie ein Konzert in Belgrad und eines in der Synagoge in Novi Sad. Aufregend und \u00e4u\u00dferst spannend sind die Werke, welche sie in ihren Konzerten spielen. Gro\u00dfes musikalisches K\u00f6nnen, konzentriertes Zusammenspiel und aufregende Interpretationen sind die Markenzeichen dieses Quartetts.<br \/>\n\u201eObwohl jeder von uns eine andere Herkunft hat, haben wir eine gemeinsame Heimat und das ist die Musik, in der es keine Grenzen gibt\u201c.<br \/>\nQuattro per Due<\/p>\n<p>Mehr Infos unten: Quattro Per Due<\/p>\n","protected":false},"excerpt":{"rendered":"<p>Im September 2012 gr\u00fcndeten die zwei Pianistinnen Jelena Stojkovi\u0107 und Yudum Cetiner mit den beiden Schlagzeugern J\u00fcrgen Spitschka und Manuel Perez Delgado das Ensemble Quattro per Due. \u201eZwei f\u00fcr vier und vier f\u00fcr Zwei\u201c bedeutet der Name und entsprechend sind sie auch alle f\u00fcr einen bzw. eine, n\u00e4mlich f\u00fcr die Musik. Sie kommen aus verschiedenen &hellip; <a href=\"https:\/\/www.jelena-stojkovic.com\/index.php\/de\/quattro-per-due\/\" class=\"more-link\"><span class=\"screen-reader-text\">Quattro Per Due<\/span> weiterlesen <span class=\"meta-nav\">&rarr;<\/span><\/a><\/p>\n","protected":false},"author":1,"featured_media":201,"parent":0,"menu_order":0,"comment_status":"closed","ping_status":"closed","template":"","meta":{"footnotes":""},"class_list":["post-115","page","type-page","status-publish","has-post-thumbnail","hentry"],"_links":{"self":[{"href":"https:\/\/www.jelena-stojkovic.com\/index.php\/wp-json\/wp\/v2\/pages\/115","targetHints":{"allow":["GET"]}}],"collection":[{"href":"https:\/\/www.jelena-stojkovic.com\/index.php\/wp-json\/wp\/v2\/pages"}],"about":[{"href":"https:\/\/www.jelena-stojkovic.com\/index.php\/wp-json\/wp\/v2\/types\/page"}],"author":[{"embeddable":true,"href":"https:\/\/www.jelena-stojkovic.com\/index.php\/wp-json\/wp\/v2\/users\/1"}],"replies":[{"embeddable":true,"href":"https:\/\/www.jelena-stojkovic.com\/index.php\/wp-json\/wp\/v2\/comments?post=115"}],"version-history":[{"count":7,"href":"https:\/\/www.jelena-stojkovic.com\/index.php\/wp-json\/wp\/v2\/pages\/115\/revisions"}],"predecessor-version":[{"id":750,"href":"https:\/\/www.jelena-stojkovic.com\/index.php\/wp-json\/wp\/v2\/pages\/115\/revisions\/750"}],"wp:featuredmedia":[{"embeddable":true,"href":"https:\/\/www.jelena-stojkovic.com\/index.php\/wp-json\/wp\/v2\/media\/201"}],"wp:attachment":[{"href":"https:\/\/www.jelena-stojkovic.com\/index.php\/wp-json\/wp\/v2\/media?parent=115"}],"curies":[{"name":"wp","href":"https:\/\/api.w.org\/{rel}","templated":true}]}}